{"id":1401,"date":"2021-09-08T18:52:51","date_gmt":"2021-09-08T21:52:51","guid":{"rendered":"http:\/\/mm-br.com\/es\/?page_id=1401"},"modified":"2026-02-20T13:00:57","modified_gmt":"2026-02-20T16:00:57","slug":"viaje-y-turismo","status":"publish","type":"page","link":"https:\/\/mm-br.com\/es\/viaje-y-turismo\/","title":{"rendered":"Viaje y Turismo"},"content":{"rendered":"<p>[vc_row full_width=&#8221;stretch_row&#8221; bg_type=&#8221;image&#8221; bg_override=&#8221;full&#8221; enable_overlay=&#8221;enable_overlay_value&#8221; overlay_color=&#8221;rgba(0,0,0,0.6)&#8221; css=&#8221;.vc_custom_1631137530371{padding-top: 150px !important;padding-bottom: 150px !important;background-image: url(http:\/\/mm-br.com\/wp-content\/uploads\/2021\/08\/ccn-luftbild-227_section_teaser_locations_712.jpeg?id=1337) !important;}&#8221;][vc_column][vc_row_inner][vc_column_inner]<div id=\"ultimate-heading-204969dcd7043e5a5\" class=\"uvc-heading ult-adjust-bottom-margin ultimate-heading-204969dcd7043e5a5 uvc-7212 \" data-hspacer=\"no_spacer\"  data-halign=\"left\" style=\"text-align:left\"><div class=\"uvc-heading-spacer no_spacer\" style=\"top\"><\/div><div class=\"uvc-main-heading ult-responsive\"  data-ultimate-target='.uvc-heading.ultimate-heading-204969dcd7043e5a5 h1'  data-responsive-json-new='{\"font-size\":\"desktop:42px;\",\"line-height\":\"\"}' ><h1 style=\"--font-weight:theme;color:#ffffff;\">Viaje y Turismo<\/h1><\/div><\/div>[\/vc_column_inner][\/vc_row_inner][\/vc_column][\/vc_row][vc_row equal_height=&#8221;yes&#8221; bg_type=&#8221;bg_color&#8221; bg_override=&#8221;full&#8221; type=&#8221;vc_default&#8221; css=&#8221;.vc_custom_1726513812532{padding-top: 20px !important;padding-right: 25px !important;padding-bottom: 40px !important;padding-left: 25px !important;}&#8221; el_class=&#8221;custom_services&#8221; bg_color_value=&#8221;rgba(0,0,0,0.04)&#8221; el_id=&#8221;eventos-br&#8221;][vc_column css=&#8221;.vc_custom_1467547193109{padding-right: 0px !important;padding-bottom: 5px !important;padding-left: 0px !important;}&#8221;][vc_row_inner][vc_column_inner width=&#8221;1\/4&#8243;]<style type=\"text\/css\" data-type=\"the7_shortcodes-inline-css\">#default-btn-17958ddd7276b70bc27eea3d61ae408c.ico-right-side > i {\n  margin-right: 0px;\n  margin-left: 8px;\n}\n#default-btn-17958ddd7276b70bc27eea3d61ae408c > i {\n  margin-right: 8px;\n}\n#default-btn-17958ddd7276b70bc27eea3d61ae408c * {\n  vertical-align: middle;\n}\n<\/style><a href=\"https:\/\/mm-br.com\/es\/wp-content\/uploads\/2026\/02\/OrientacoesViagem_Novas-orientacoes_ESP_2-1.pdf\" class=\"default-btn-shortcode dt-btn dt-btn-l link-hover-off btn-inline-left \" id=\"default-btn-17958ddd7276b70bc27eea3d61ae408c\"><span>Informaciones Utiles<\/span><\/a>[\/vc_column_inner][vc_column_inner width=&#8221;1\/4&#8243;][\/vc_column_inner][vc_column_inner width=&#8221;1\/4&#8243;][\/vc_column_inner][vc_column_inner width=&#8221;1\/4&#8243;][\/vc_column_inner][\/vc_row_inner][vc_row_inner content_placement=&#8221;middle&#8221; css=&#8221;.vc_custom_1726513835774{margin-top: 30px !important;}&#8221;][vc_column_inner][vc_column_text]<\/p>\n<h3>P\u00f3ngase en contacto con nuestra agencia de viajes oficial para obtener m\u00e1s informaci\u00f3n sobre viajes y alojamiento para eventos nacionales e internacionales.<\/h3>\n<p>[\/vc_column_text][\/vc_column_inner][\/vc_row_inner][vc_row_inner content_placement=&#8221;middle&#8221;][vc_column_inner width=&#8221;1\/3&#8243;][vc_column_text]Tel: +55 11 5087-3455<\/p>\n<p>Sitio web: <a href=\"http:\/\/www.adturismo.com.br\/feiras\" target=\"_blank\" rel=\"noopener\">www.adturismo.com.br\/feiras<\/a><\/p>\n<p>[\/vc_column_text][\/vc_column_inner][vc_column_inner width=&#8221;1\/3&#8243;][\/vc_column_inner][vc_column_inner width=&#8221;1\/3&#8243;][\/vc_column_inner][\/vc_row_inner][\/vc_column][\/vc_row][vc_row equal_height=&#8221;yes&#8221; bg_type=&#8221;bg_color&#8221; bg_override=&#8221;full&#8221; type=&#8221;vc_default&#8221; css=&#8221;.vc_custom_1738942825715{padding-top: 20px !important;padding-right: 25px !important;padding-bottom: 40px !important;padding-left: 25px !important;background-color: #dbdbdb !important;}&#8221; bg_color_value=&#8221;#e8e8e8&#8243; el_id=&#8221;Pacotes&#8221;][vc_column css=&#8221;.vc_custom_1467547193109{padding-right: 0px !important;padding-bottom: 5px !important;padding-left: 0px !important;}&#8221;][vc_row_inner content_placement=&#8221;middle&#8221;][vc_column_inner][vc_column_text]<\/p>\n<h3>\u00a1Paquetes completos de viaje y alojamiento para las principales ferias internacionales!<br \/>\nDisfrute de itinerarios personalizados y soporte total.<\/h3>\n<p>[\/vc_column_text][\/vc_column_inner][\/vc_row_inner][vc_row_inner][vc_column_inner width=&#8221;1\/4&#8243; css=&#8221;.vc_custom_1726343908079{margin-bottom: 35px !important;}&#8221;][vc_single_image image=&#8221;1602&#8243; img_size=&#8221;full&#8221;]<div class=\"uavc-list-icon uavc-list-icon-wrapper ult-adjust-bottom-margin   vc_custom_1726341939769  vc_custom_1726341939769\"><ul class=\"uavc-list\"><li><div class=\"uavc-list-content\" id=\"list-icon-wrap-6656\">\n<div class=\"uavc-list-icon  \" data-animation=\"\" data-animation-delay=\"03\" style=\"margin-right:10px;\"><div class=\"ult-just-icon-wrapper  \"><div class=\"align-icon\" style=\"text-align:center;\">\n<div class=\"aio-icon-img \" style=\"font-size:16px;display:inline-block;\" >\n\t<img decoding=\"async\" class=\"img-icon\" alt=\"null\" src=\"https:\/\/mm-br.com\/wp-content\/uploads\/2024\/09\/mala-de-viagem.png\"\/>\n<\/div><\/div><\/div>\n<\/div><span  data-ultimate-target='#list-icon-wrap-6656 .uavc-list-desc'  data-responsive-json-new='{\"font-size\":\"desktop:14px;\",\"line-height\":\"\"}'  class=\"uavc-list-desc ult-responsive\" style=\"\">Pacote<\/span><\/div><\/li><\/ul><\/div>[vc_column_text]<span style=\"font-size: 18px;\"><strong>Ceramitec<\/strong><\/span><\/p>\n<p><span style=\"font-size: 14px; line-height: 12px;\">Desde hace d\u00e9cadas, ceramitec es la plataforma para la presentaci\u00f3n con \u00e9xito de soluciones innovadoras y desarrollos pioneros en el sector de la cer\u00e1mica. Como feria l\u00edder del sector, reunimos a todo el espectro de la industria y la investigaci\u00f3n.<\/span><\/p>\n<p>24 a 26 de Marzo de 2026<br \/>\nM\u00fanich &#8211; Alemania<\/p>\n<p><a href=\"https:\/\/ceramitec.com\/en\/\" target=\"_blank\" rel=\"noopener\">ceramitec.com\/en\/<\/a>[\/vc_column_text]<style type=\"text\/css\" data-type=\"the7_shortcodes-inline-css\">#default-btn-3b6a47941e8c0e5d3986f10da9d4b352.ico-right-side > i {\n  margin-right: 0px;\n  margin-left: 8px;\n}\n#default-btn-3b6a47941e8c0e5d3986f10da9d4b352 > i {\n  margin-right: 8px;\n}\n#default-btn-3b6a47941e8c0e5d3986f10da9d4b352 * {\n  vertical-align: middle;\n}\n<\/style><a href=\"https:\/\/mm-br.com\/es\/wp-content\/uploads\/2024\/09\/CERAMITEC-ESP.pdf\" class=\"default-btn-shortcode dt-btn dt-btn-l link-hover-off top-botao-6 btn-inline-left \" target=\"_blank\" id=\"default-btn-3b6a47941e8c0e5d3986f10da9d4b352\" rel=\"noopener\"><span>Reserva tu hotel<\/span><\/a>[\/vc_column_inner][\/vc_row_inner][vc_row_inner css=&#8221;.vc_custom_1726343923197{padding-bottom: 35px !important;}&#8221;][vc_column_inner width=&#8221;1\/4&#8243;][\/vc_column_inner][vc_column_inner width=&#8221;1\/4&#8243;][\/vc_column_inner][\/vc_row_inner][\/vc_column][\/vc_row]<\/p>\n","protected":false},"excerpt":{"rendered":"<p>[vc_row full_width=&#8221;stretch_row&#8221; bg_type=&#8221;image&#8221; bg_override=&#8221;full&#8221; enable_overlay=&#8221;enable_overlay_value&#8221; overlay_color=&#8221;rgba(0,0,0,0.6)&#8221; css=&#8221;.vc_custom_1631137530371{padding-top: 150px !important;padding-bottom: 150px !important;background-image: url(http:\/\/mm-br.com\/wp-content\/uploads\/2021\/08\/ccn-luftbild-227_section_teaser_locations_712.jpeg?id=1337) !important;}&#8221;][vc_column][vc_row_inner][vc_column_inner][\/vc_column_inner][\/vc_row_inner][\/vc_column][\/vc_row][vc_row equal_height=&#8221;yes&#8221; bg_type=&#8221;bg_color&#8221; bg_override=&#8221;full&#8221; type=&#8221;vc_default&#8221; css=&#8221;.vc_custom_1726513812532{padding-top: 20px !important;padding-right: 25px !important;padding-bottom: 40px !important;padding-left: 25px !important;}&#8221; el_class=&#8221;custom_services&#8221; bg_color_value=&#8221;rgba(0,0,0,0.04)&#8221; el_id=&#8221;eventos-br&#8221;][vc_column css=&#8221;.vc_custom_1467547193109{padding-right: 0px !important;padding-bottom: 5px !important;padding-left: 0px !important;}&#8221;][vc_row_inner][vc_column_inner width=&#8221;1\/4&#8243;][\/vc_column_inner][vc_column_inner width=&#8221;1\/4&#8243;][\/vc_column_inner][vc_column_inner width=&#8221;1\/4&#8243;][\/vc_column_inner][vc_column_inner width=&#8221;1\/4&#8243;][\/vc_column_inner][\/vc_row_inner][vc_row_inner content_placement=&#8221;middle&#8221; css=&#8221;.vc_custom_1726513835774{margin-top: 30px !important;}&#8221;][vc_column_inner][vc_column_text] P\u00f3ngase en contacto con nuestra agencia de viajes oficial para obtener&hellip;<\/p>\n","protected":false},"author":1,"featured_media":0,"parent":0,"menu_order":0,"comment_status":"closed","ping_status":"closed","template":"","meta":[],"class_list":["post-1401","page","type-page","status-publish","hentry","description-off"],"_links":{"self":[{"href":"https:\/\/mm-br.com\/es\/wp-json\/wp\/v2\/pages\/1401","targetHints":{"allow":["GET"]}}],"collection":[{"href":"https:\/\/mm-br.com\/es\/wp-json\/wp\/v2\/pages"}],"about":[{"href":"https:\/\/mm-br.com\/es\/wp-json\/wp\/v2\/types\/page"}],"author":[{"embeddable":true,"href":"https:\/\/mm-br.com\/es\/wp-json\/wp\/v2\/users\/1"}],"replies":[{"embeddable":true,"href":"https:\/\/mm-br.com\/es\/wp-json\/wp\/v2\/comments?post=1401"}],"version-history":[{"count":27,"href":"https:\/\/mm-br.com\/es\/wp-json\/wp\/v2\/pages\/1401\/revisions"}],"predecessor-version":[{"id":1705,"href":"https:\/\/mm-br.com\/es\/wp-json\/wp\/v2\/pages\/1401\/revisions\/1705"}],"wp:attachment":[{"href":"https:\/\/mm-br.com\/es\/wp-json\/wp\/v2\/media?parent=1401"}],"curies":[{"name":"wp","href":"https:\/\/api.w.org\/{rel}","templated":true}]}}