{"id":1331,"date":"2021-08-02T15:06:42","date_gmt":"2021-08-02T18:06:42","guid":{"rendered":"http:\/\/mm-br.com\/es\/?page_id=1331"},"modified":"2022-05-03T14:43:16","modified_gmt":"2022-05-03T17:43:16","slug":"sobre-nosotros","status":"publish","type":"page","link":"https:\/\/mm-br.com\/es\/sobre-nosotros\/","title":{"rendered":"Sobre Nosotros"},"content":{"rendered":"<p>[vc_row full_width=&#8221;stretch_row&#8221; bg_type=&#8221;image&#8221; bg_override=&#8221;full&#8221; enable_overlay=&#8221;enable_overlay_value&#8221; overlay_color=&#8221;rgba(0,0,0,0.6)&#8221; css=&#8221;.vc_custom_1627928601856{padding-top: 150px !important;padding-bottom: 150px !important;background-image: url(http:\/\/mm-br.com\/es\/wp-content\/uploads\/2021\/08\/messe-muenchen-78_section_teaser_gallery_1140.jpeg?id=1335) !important;}&#8221;][vc_column][vc_row_inner][vc_column_inner]<div id=\"ultimate-heading-533269e752bb12ad9\" class=\"uvc-heading ult-adjust-bottom-margin ultimate-heading-533269e752bb12ad9 uvc-7118 \" data-hspacer=\"no_spacer\"  data-halign=\"left\" style=\"text-align:left\"><div class=\"uvc-heading-spacer no_spacer\" style=\"top\"><\/div><div class=\"uvc-main-heading ult-responsive\"  data-ultimate-target='.uvc-heading.ultimate-heading-533269e752bb12ad9 h1'  data-responsive-json-new='{\"font-size\":\"desktop:42px;\",\"line-height\":\"\"}' ><h1 style=\"--font-weight:theme;color:#ffffff;\">Sobre Nosotros<\/h1><\/div><\/div>[\/vc_column_inner][\/vc_row_inner][\/vc_column][\/vc_row][vc_row equal_height=&#8221;yes&#8221; bg_type=&#8221;bg_color&#8221; bg_override=&#8221;full&#8221; type=&#8221;vc_default&#8221; css=&#8221;.vc_custom_1620673378408{padding-top: 20px !important;padding-right: 25px !important;padding-bottom: 80px !important;padding-left: 25px !important;}&#8221; el_class=&#8221;custom_services&#8221; bg_color_value=&#8221;rgba(0,0,0,0.04)&#8221; el_id=&#8221;eventos-br&#8221;][vc_column css=&#8221;.vc_custom_1467547193109{padding-right: 0px !important;padding-bottom: 5px !important;padding-left: 0px !important;}&#8221;][vc_row_inner][vc_column_inner width=&#8221;1\/2&#8243;]<div id=\"ultimate-heading-447269e752bb12b63\" class=\"uvc-heading ult-adjust-bottom-margin ultimate-heading-447269e752bb12b63 uvc-6195 \" data-hspacer=\"no_spacer\"  data-halign=\"left\" style=\"text-align:left\"><div class=\"uvc-heading-spacer no_spacer\" style=\"top\"><\/div><div class=\"uvc-main-heading ult-responsive\"  data-ultimate-target='.uvc-heading.ultimate-heading-447269e752bb12b63 h2'  data-responsive-json-new='{\"font-size\":\"desktop:32px;\",\"line-height\":\"\"}' ><h2 style=\"--font-weight:theme;color:#6a91ce;\">Messe Muenchen do Brasil<\/h2><\/div><\/div>[vc_column_text css=&#8221;.vc_custom_1651599793409{margin-top: 30px !important;}&#8221;]<span class=\"LineBreakBlob BlobObject DragDrop SCXW22448644 BCX0\">Messe Muenchen do Brasil, Messe M\u00fcnchen es una de las mayores empresas de ferias de negocios del mundo y operadora de los principales centros de convenciones y exposiciones de M\u00fanich en Alemania. Hace m\u00e1s de 5 d\u00e9cadas conectando a personas en todo el globo, su portfolio cuenta con m\u00e1s de 200 eventos en Alemania, China, India, Turqu\u00eda, Sud\u00e1frica, Nigeria, Vietnam, Ir\u00e1n y Brasil, adem\u00e1s de tener representaci\u00f3n en aproximadamente 70 pa\u00edses.\u00a0<\/span><\/p>\n<p><span class=\"LineBreakBlob BlobObject DragDrop SCXW22448644 BCX0\">Como parte de la estrategia de expansi\u00f3n internacional, en 2017 fue fundada la subsidiaria Messe Muenchen do Brasil con el prop\u00f3sito de traer para el mercado nacional los niveles de excelencia e innovaci\u00f3n establecidos en la matriz de Alemania y apoyar el desarrollo de ferias de negocios en una direcci\u00f3n especializada e internacionalizada.\u00a0<\/span><\/p>\n<p><span class=\"LineBreakBlob BlobObject DragDrop SCXW22448644 BCX0\">Nuestra misi\u00f3n: ofrecerles a nuestros clientes y mercados en los que actuamos la mejor plataforma de negocios de \u00e9xito.<\/span>[\/vc_column_text][\/vc_column_inner][vc_column_inner width=&#8221;1\/2&#8243;]<style type=\"text\/css\" data-type=\"the7_shortcodes-inline-css\">.shortcode-single-image-wrap.shortcode-single-image-c82460ea90b914c08bc9c4175c1c1cad.enable-bg-rollover .rollover i,\n.shortcode-single-image-wrap.shortcode-single-image-c82460ea90b914c08bc9c4175c1c1cad.enable-bg-rollover .rollover-video i {\n  background: -webkit-linear-gradient();\n  background: linear-gradient();\n}\n.shortcode-single-image-wrap.shortcode-single-image-c82460ea90b914c08bc9c4175c1c1cad .rollover-icon {\n  font-size: 32px;\n  color: #ffffff;\n  min-width: 44px;\n  min-height: 44px;\n  line-height: 44px;\n  border-radius: 100px;\n  border-style: solid;\n  border-width: 0px;\n}\n.dt-icon-bg-on.shortcode-single-image-wrap.shortcode-single-image-c82460ea90b914c08bc9c4175c1c1cad .rollover-icon {\n  background: rgba(255,255,255,0.3);\n  box-shadow: none;\n}\n<\/style><div class=\"shortcode-single-image-wrap shortcode-single-image-c82460ea90b914c08bc9c4175c1c1cad alignnone  enable-bg-rollover dt-icon-bg-off\" style=\"margin-top:0px; margin-bottom:0px; margin-left:0px; margin-right:0px; width:500px;\"><div class=\"shortcode-single-image\"><div class=\"fancy-media-wrap  layzr-bg\" style=\"\"><img loading=\"lazy\" decoding=\"async\" class=\"preload-me lazy-load\" src=\"data:image\/svg+xml,%3Csvg%20xmlns%3D&#39;http%3A%2F%2Fwww.w3.org%2F2000%2Fsvg&#39;%20viewBox%3D&#39;0%200%20500%20580&#39;%2F%3E\" data-src=\"https:\/\/mm-br.com\/es\/wp-content\/uploads\/2021\/05\/messe-brasil-scaled-500x580.jpg\" data-srcset=\"https:\/\/mm-br.com\/es\/wp-content\/uploads\/2021\/05\/messe-brasil-scaled-500x580.jpg 500w, https:\/\/mm-br.com\/es\/wp-content\/uploads\/2021\/05\/messe-brasil-scaled-1000x1160.jpg 1000w\" width=\"500\" height=\"580\"  data-dt-location=\"https:\/\/mm-br.com\/es\/home\/attachment\/messe-brasil\/\" style=\"\" alt=\"\" \/><\/div><\/div><\/div>[\/vc_column_inner][\/vc_row_inner][vc_row_inner css=&#8221;.vc_custom_1627927883264{margin-top: 50px !important;}&#8221;][vc_column_inner width=&#8221;1\/2&#8243;]<style type=\"text\/css\" data-type=\"the7_shortcodes-inline-css\">.shortcode-single-image-wrap.shortcode-single-image-a0dd39f805a003df5599a5d7cc3f381d.enable-bg-rollover .rollover i,\n.shortcode-single-image-wrap.shortcode-single-image-a0dd39f805a003df5599a5d7cc3f381d.enable-bg-rollover .rollover-video i {\n  background: -webkit-linear-gradient();\n  background: linear-gradient();\n}\n.shortcode-single-image-wrap.shortcode-single-image-a0dd39f805a003df5599a5d7cc3f381d .rollover-icon {\n  font-size: 32px;\n  color: #ffffff;\n  min-width: 44px;\n  min-height: 44px;\n  line-height: 44px;\n  border-radius: 100px;\n  border-style: solid;\n  border-width: 0px;\n}\n.dt-icon-bg-on.shortcode-single-image-wrap.shortcode-single-image-a0dd39f805a003df5599a5d7cc3f381d .rollover-icon {\n  background: rgba(255,255,255,0.3);\n  box-shadow: none;\n}\n<\/style><div class=\"shortcode-single-image-wrap shortcode-single-image-a0dd39f805a003df5599a5d7cc3f381d alignnone  enable-bg-rollover dt-icon-bg-off\" style=\"margin-top:0px; margin-bottom:0px; margin-left:0px; margin-right:0px; width:500px;\"><div class=\"shortcode-single-image\"><div class=\"fancy-media-wrap  layzr-bg\" style=\"\"><img loading=\"lazy\" decoding=\"async\" class=\"preload-me lazy-load\" src=\"data:image\/svg+xml,%3Csvg%20xmlns%3D&#39;http%3A%2F%2Fwww.w3.org%2F2000%2Fsvg&#39;%20viewBox%3D&#39;0%200%20500%20265&#39;%2F%3E\" data-src=\"https:\/\/mm-br.com\/es\/wp-content\/uploads\/2021\/08\/ccn-luftbild-227_section_teaser_locations_712-500x265.jpeg\" data-srcset=\"https:\/\/mm-br.com\/es\/wp-content\/uploads\/2021\/08\/ccn-luftbild-227_section_teaser_locations_712-500x265.jpeg 500w, https:\/\/mm-br.com\/es\/wp-content\/uploads\/2021\/08\/ccn-luftbild-227_section_teaser_locations_712-712x377.jpeg 712w\" width=\"500\" height=\"265\"  data-dt-location=\"https:\/\/mm-br.com\/es\/sobre-nosotros\/attachment\/ccn-luftbild-227_section_teaser_locations_712\/\" style=\"\" alt=\"\" \/><\/div><\/div><\/div>[\/vc_column_inner][vc_column_inner width=&#8221;1\/2&#8243;]<div id=\"ultimate-heading-327869e752bb15b78\" class=\"uvc-heading ult-adjust-bottom-margin ultimate-heading-327869e752bb15b78 uvc-1992 \" data-hspacer=\"no_spacer\"  data-halign=\"left\" style=\"text-align:left\"><div class=\"uvc-heading-spacer no_spacer\" style=\"top\"><\/div><div class=\"uvc-main-heading ult-responsive\"  data-ultimate-target='.uvc-heading.ultimate-heading-327869e752bb15b78 h2'  data-responsive-json-new='{\"font-size\":\"desktop:32px;\",\"line-height\":\"\"}' ><h2 style=\"--font-weight:theme;color:#6a91ce;\">Subsidiarias en el mundo<\/h2><\/div><\/div>[vc_column_text css=&#8221;.vc_custom_1629334471441{margin-top: 30px !important;}&#8221;]<span class=\"LineBreakBlob BlobObject DragDrop SCXW22448644 BCX0\"><span class=\"LineBreakBlob BlobObject DragDrop SCXW65269922 BCX0\">Messe M\u00fcnchen apoya a sus expositores y visitantes en todo el globo. Nuestra red internacional incluye afiliados en Sudam\u00e9rica, Europa, Asia y \u00c1frica. <\/span><\/span>[\/vc_column_text]<style type=\"text\/css\" data-type=\"the7_shortcodes-inline-css\">#default-btn-144acf7bc3646f47c21a2847940a8839.ico-right-side > i {\n  margin-right: 0px;\n  margin-left: 8px;\n}\n#default-btn-144acf7bc3646f47c21a2847940a8839 > i {\n  margin-right: 8px;\n}\n#default-btn-144acf7bc3646f47c21a2847940a8839 * {\n  vertical-align: middle;\n}\n<\/style><a href=\"https:\/\/messe-muenchen.de\/en\/company\/international-network\/subsidiaries\/\" class=\"default-btn-shortcode dt-btn dt-btn-l link-hover-off btn-inline-left \" target=\"_blank\" id=\"default-btn-144acf7bc3646f47c21a2847940a8839\" rel=\"noopener\"><span>Conozca m\u00e1s sobre las subsidiarias en el mundo<\/span><\/a>[\/vc_column_inner][\/vc_row_inner][\/vc_column][\/vc_row]<\/p>\n","protected":false},"excerpt":{"rendered":"<p>[vc_row full_width=&#8221;stretch_row&#8221; bg_type=&#8221;image&#8221; bg_override=&#8221;full&#8221; enable_overlay=&#8221;enable_overlay_value&#8221; overlay_color=&#8221;rgba(0,0,0,0.6)&#8221; css=&#8221;.vc_custom_1627928601856{padding-top: 150px !important;padding-bottom: 150px !important;background-image: url(http:\/\/mm-br.com\/es\/wp-content\/uploads\/2021\/08\/messe-muenchen-78_section_teaser_gallery_1140.jpeg?id=1335) !important;}&#8221;][vc_column][vc_row_inner][vc_column_inner][\/vc_column_inner][\/vc_row_inner][\/vc_column][\/vc_row][vc_row equal_height=&#8221;yes&#8221; bg_type=&#8221;bg_color&#8221; bg_override=&#8221;full&#8221; type=&#8221;vc_default&#8221; css=&#8221;.vc_custom_1620673378408{padding-top: 20px !important;padding-right: 25px !important;padding-bottom: 80px !important;padding-left: 25px !important;}&#8221; el_class=&#8221;custom_services&#8221; bg_color_value=&#8221;rgba(0,0,0,0.04)&#8221; el_id=&#8221;eventos-br&#8221;][vc_column css=&#8221;.vc_custom_1467547193109{padding-right: 0px !important;padding-bottom: 5px !important;padding-left: 0px !important;}&#8221;][vc_row_inner][vc_column_inner width=&#8221;1\/2&#8243;][vc_column_text css=&#8221;.vc_custom_1651599793409{margin-top: 30px !important;}&#8221;]Messe Muenchen do Brasil, Messe M\u00fcnchen es una de las mayores empresas de ferias de negocios&hellip;<\/p>\n","protected":false},"author":1,"featured_media":0,"parent":0,"menu_order":0,"comment_status":"closed","ping_status":"closed","template":"","meta":[],"class_list":["post-1331","page","type-page","status-publish","hentry","description-off"],"_links":{"self":[{"href":"https:\/\/mm-br.com\/es\/wp-json\/wp\/v2\/pages\/1331","targetHints":{"allow":["GET"]}}],"collection":[{"href":"https:\/\/mm-br.com\/es\/wp-json\/wp\/v2\/pages"}],"about":[{"href":"https:\/\/mm-br.com\/es\/wp-json\/wp\/v2\/types\/page"}],"author":[{"embeddable":true,"href":"https:\/\/mm-br.com\/es\/wp-json\/wp\/v2\/users\/1"}],"replies":[{"embeddable":true,"href":"https:\/\/mm-br.com\/es\/wp-json\/wp\/v2\/comments?post=1331"}],"version-history":[{"count":11,"href":"https:\/\/mm-br.com\/es\/wp-json\/wp\/v2\/pages\/1331\/revisions"}],"predecessor-version":[{"id":1490,"href":"https:\/\/mm-br.com\/es\/wp-json\/wp\/v2\/pages\/1331\/revisions\/1490"}],"wp:attachment":[{"href":"https:\/\/mm-br.com\/es\/wp-json\/wp\/v2\/media?parent=1331"}],"curies":[{"name":"wp","href":"https:\/\/api.w.org\/{rel}","templated":true}]}}