{"id":1281,"date":"2021-07-29T18:37:03","date_gmt":"2021-07-29T21:37:03","guid":{"rendered":"http:\/\/mm-br.com\/es\/?page_id=1281"},"modified":"2021-08-18T21:59:16","modified_gmt":"2021-08-19T00:59:16","slug":"carreras","status":"publish","type":"page","link":"https:\/\/mm-br.com\/es\/carreras\/","title":{"rendered":"Carreras"},"content":{"rendered":"<p>[vc_row full_width=&#8221;stretch_row&#8221; bg_type=&#8221;image&#8221; bg_override=&#8221;full&#8221; enable_overlay=&#8221;enable_overlay_value&#8221; overlay_color=&#8221;rgba(0,0,0,0.6)&#8221; css=&#8221;.vc_custom_1627920628358{padding-top: 150px !important;padding-bottom: 150px !important;background-image: url(http:\/\/mm-br.com\/es\/wp-content\/uploads\/2021\/07\/bg-carreiras.jpg?id=1284) !important;}&#8221;][vc_column][vc_row_inner][vc_column_inner]<div id=\"ultimate-heading-266769e750034198c\" class=\"uvc-heading ult-adjust-bottom-margin ultimate-heading-266769e750034198c uvc-504 \" data-hspacer=\"no_spacer\"  data-halign=\"left\" style=\"text-align:left\"><div class=\"uvc-heading-spacer no_spacer\" style=\"top\"><\/div><div class=\"uvc-main-heading ult-responsive\"  data-ultimate-target='.uvc-heading.ultimate-heading-266769e750034198c h1'  data-responsive-json-new='{\"font-size\":\"desktop:42px;\",\"line-height\":\"\"}' ><h1 style=\"--font-weight:theme;color:#ffffff;\">Carreiras<\/h1><\/div><\/div>[\/vc_column_inner][\/vc_row_inner][\/vc_column][\/vc_row][vc_row equal_height=&#8221;yes&#8221; bg_type=&#8221;bg_color&#8221; bg_override=&#8221;full&#8221; type=&#8221;vc_default&#8221; css=&#8221;.vc_custom_1620673378408{padding-top: 20px !important;padding-right: 25px !important;padding-bottom: 80px !important;padding-left: 25px !important;}&#8221; el_class=&#8221;custom_services&#8221; bg_color_value=&#8221;rgba(0,0,0,0.04)&#8221; el_id=&#8221;eventos-br&#8221;][vc_column css=&#8221;.vc_custom_1467547193109{padding-right: 0px !important;padding-bottom: 5px !important;padding-left: 0px !important;}&#8221;][vc_row_inner content_placement=&#8221;middle&#8221;][vc_column_inner width=&#8221;1\/2&#8243;]<style type=\"text\/css\" data-type=\"the7_shortcodes-inline-css\">.shortcode-single-image-wrap.shortcode-single-image-ccec4843fc77e40e198a7f3dac27cc5c.enable-bg-rollover .rollover i,\n.shortcode-single-image-wrap.shortcode-single-image-ccec4843fc77e40e198a7f3dac27cc5c.enable-bg-rollover .rollover-video i {\n  background: -webkit-linear-gradient();\n  background: linear-gradient();\n}\n.shortcode-single-image-wrap.shortcode-single-image-ccec4843fc77e40e198a7f3dac27cc5c .rollover-icon {\n  font-size: 32px;\n  color: #ffffff;\n  min-width: 44px;\n  min-height: 44px;\n  line-height: 44px;\n  border-radius: 100px;\n  border-style: solid;\n  border-width: 0px;\n}\n.dt-icon-bg-on.shortcode-single-image-wrap.shortcode-single-image-ccec4843fc77e40e198a7f3dac27cc5c .rollover-icon {\n  background: rgba(255,255,255,0.3);\n  box-shadow: none;\n}\n<\/style><div class=\"shortcode-single-image-wrap shortcode-single-image-ccec4843fc77e40e198a7f3dac27cc5c alignnone  enable-bg-rollover dt-icon-bg-off\" style=\"margin-top:0px; margin-bottom:0px; margin-left:0px; margin-right:0px; width:500px;\"><div class=\"shortcode-single-image\"><div class=\"fancy-media-wrap  layzr-bg\" style=\"\"><img loading=\"lazy\" decoding=\"async\" class=\"preload-me lazy-load\" src=\"data:image\/svg+xml,%3Csvg%20xmlns%3D&#39;http%3A%2F%2Fwww.w3.org%2F2000%2Fsvg&#39;%20viewBox%3D&#39;0%200%20500%20400&#39;%2F%3E\" data-src=\"https:\/\/mm-br.com\/es\/wp-content\/uploads\/2021\/07\/img-carreiras-500x400.jpg\" data-srcset=\"https:\/\/mm-br.com\/es\/wp-content\/uploads\/2021\/07\/img-carreiras-500x400.jpg 500w, https:\/\/mm-br.com\/es\/wp-content\/uploads\/2021\/07\/img-carreiras-832x666.jpg 832w\" width=\"500\" height=\"400\"  data-dt-location=\"https:\/\/mm-br.com\/es\/carreras\/attachment\/img-carreiras\/\" style=\"\" alt=\"\" \/><\/div><\/div><\/div>[\/vc_column_inner][vc_column_inner width=&#8221;1\/2&#8243;][vc_column_text]Messe M\u00fcnchen, presente en el pa\u00eds desde 2017 con su subsidiaria Messe Muenchen do Brasil, es una de las mayores empresas de ferias de negocios del mundo y operadora de los principales centros de convenciones y exposiciones de M\u00fanich en Alemania. Hace m\u00e1s de 5 d\u00e9cadas conectando a personas en todo el globo, su portfolio cuenta con m\u00e1s de 200 eventos en Alemania, China, India, Rusia, Turqu\u00eda, Sud\u00e1frica, Nigeria, Vietnam, Ir\u00e1n y Brasil, adem\u00e1s de tener representaci\u00f3n en aproximadamente 70 pa\u00edses.<\/p>\n<p>Nuestra misi\u00f3n: ofrecerles a nuestros clientes y mercados en los que actuamos la mejor plataforma de negocios de \u00e9xito.<\/p>\n<h3><span style=\"color: #6a91ce;\">\u00a1Venga a formar parte de nuestro equipo!<\/span><\/h3>\n<p>[\/vc_column_text][\/vc_column_inner][\/vc_row_inner][vc_row_inner css=&#8221;.vc_custom_1627596858691{margin-top: 35px !important;}&#8221;][vc_column_inner width=&#8221;1\/6&#8243;][\/vc_column_inner][vc_column_inner width=&#8221;2\/3&#8243;][vc_column_text css=&#8221;.vc_custom_1629334592850{margin-bottom: 30px !important;}&#8221;]<\/p>\n<h5 style=\"text-align: center;\">Complete el siguiente formulario o env\u00ede su CV a <a href=\"mailto:contato@mm-br.com\">contato@mm-br.com<\/a><\/h5>\n<p>[\/vc_column_text]<div role=\"form\" class=\"wpcf7\" id=\"wpcf7-f1286-o1\" lang=\"pt-BR\" dir=\"ltr\">\n<div class=\"screen-reader-response\"><p role=\"status\" aria-live=\"polite\" aria-atomic=\"true\"><\/p> <ul><\/ul><\/div>\n<form action=\"\/es\/wp-json\/wp\/v2\/pages\/1281#wpcf7-f1286-o1\" method=\"post\" class=\"wpcf7-form init\" enctype=\"multipart\/form-data\" novalidate=\"novalidate\" data-status=\"init\">\n<div style=\"display: none;\">\n<input type=\"hidden\" name=\"_wpcf7\" value=\"1286\" \/>\n<input type=\"hidden\" name=\"_wpcf7_version\" value=\"5.4.2\" \/>\n<input type=\"hidden\" name=\"_wpcf7_locale\" value=\"pt_BR\" \/>\n<input type=\"hidden\" name=\"_wpcf7_unit_tag\" value=\"wpcf7-f1286-o1\" \/>\n<input type=\"hidden\" name=\"_wpcf7_container_post\" value=\"0\" \/>\n<input type=\"hidden\" name=\"_wpcf7_posted_data_hash\" value=\"\" \/>\n<\/div>\n<p><label> Nombre completo<br \/>\n    <span class=\"wpcf7-form-control-wrap your-name\"><input type=\"text\" name=\"your-name\" value=\"\" size=\"40\" class=\"wpcf7-form-control wpcf7-text wpcf7-validates-as-required\" aria-required=\"true\" aria-invalid=\"false\" \/><\/span> <\/label><\/p>\n<p><label> E-mail<br \/>\n    <span class=\"wpcf7-form-control-wrap your-email\"><input type=\"email\" name=\"your-email\" value=\"\" size=\"40\" class=\"wpcf7-form-control wpcf7-text wpcf7-email wpcf7-validates-as-required wpcf7-validates-as-email\" aria-required=\"true\" aria-invalid=\"false\" \/><\/span> <\/label><\/p>\n<p><label> Tel\u00e9fono<br \/>\n    <span class=\"wpcf7-form-control-wrap your-phone\"><input type=\"text\" name=\"your-phone\" value=\"\" size=\"40\" class=\"wpcf7-form-control wpcf7-text wpcf7-validates-as-required\" aria-required=\"true\" aria-invalid=\"false\" \/><\/span> <\/label><\/p>\n<p><label> LinkedIn<br \/>\n    <span class=\"wpcf7-form-control-wrap your-linkedin\"><input type=\"text\" name=\"your-linkedin\" value=\"\" size=\"40\" class=\"wpcf7-form-control wpcf7-text wpcf7-validates-as-required\" aria-required=\"true\" aria-invalid=\"false\" \/><\/span> <\/label><\/p>\n<p><label> \u00c1rea deseada<br \/>\n    <span class=\"wpcf7-form-control-wrap your-area\"><input type=\"text\" name=\"your-area\" value=\"\" size=\"40\" class=\"wpcf7-form-control wpcf7-text wpcf7-validates-as-required\" aria-required=\"true\" aria-invalid=\"false\" \/><\/span> <\/label><\/p>\n<p><label> Adjuntar curriculum vitae (opcional)<br \/>\n<span class=\"wpcf7-form-control-wrap curriculo\"><input type=\"file\" name=\"curriculo\" size=\"40\" class=\"wpcf7-form-control wpcf7-file\" accept=\".jpg,.jpeg,.png,.gif,.pdf,.doc,.docx,.ppt,.pptx,.odt,.avi,.ogg,.m4a,.mov,.mp3,.mp4,.mpg,.wav,.wmv\" aria-invalid=\"false\" \/><\/span> <\/label><\/p>\n<p><label> Breve resumen sobre usted (opcional)<br \/>\n    <span class=\"wpcf7-form-control-wrap your-message\"><textarea name=\"your-message\" cols=\"40\" rows=\"10\" class=\"wpcf7-form-control wpcf7-textarea\" aria-invalid=\"false\"><\/textarea><\/span> <\/label><\/p>\n<p><input type=\"submit\" value=\"Entregar\" class=\"wpcf7-form-control wpcf7-submit\" \/><\/p>\n<div class=\"wpcf7-response-output\" aria-hidden=\"true\"><\/div><\/form><\/div>[\/vc_column_inner][vc_column_inner width=&#8221;1\/6&#8243;][\/vc_column_inner][\/vc_row_inner][\/vc_column][\/vc_row]<\/p>\n","protected":false},"excerpt":{"rendered":"<p>[vc_row full_width=&#8221;stretch_row&#8221; bg_type=&#8221;image&#8221; bg_override=&#8221;full&#8221; enable_overlay=&#8221;enable_overlay_value&#8221; overlay_color=&#8221;rgba(0,0,0,0.6)&#8221; css=&#8221;.vc_custom_1627920628358{padding-top: 150px !important;padding-bottom: 150px !important;background-image: url(http:\/\/mm-br.com\/es\/wp-content\/uploads\/2021\/07\/bg-carreiras.jpg?id=1284) !important;}&#8221;][vc_column][vc_row_inner][vc_column_inner][\/vc_column_inner][\/vc_row_inner][\/vc_column][\/vc_row][vc_row equal_height=&#8221;yes&#8221; bg_type=&#8221;bg_color&#8221; bg_override=&#8221;full&#8221; type=&#8221;vc_default&#8221; css=&#8221;.vc_custom_1620673378408{padding-top: 20px !important;padding-right: 25px !important;padding-bottom: 80px !important;padding-left: 25px !important;}&#8221; el_class=&#8221;custom_services&#8221; bg_color_value=&#8221;rgba(0,0,0,0.04)&#8221; el_id=&#8221;eventos-br&#8221;][vc_column css=&#8221;.vc_custom_1467547193109{padding-right: 0px !important;padding-bottom: 5px !important;padding-left: 0px !important;}&#8221;][vc_row_inner content_placement=&#8221;middle&#8221;][vc_column_inner width=&#8221;1\/2&#8243;][\/vc_column_inner][vc_column_inner width=&#8221;1\/2&#8243;][vc_column_text]Messe M\u00fcnchen, presente en el pa\u00eds desde 2017 con su subsidiaria Messe Muenchen do Brasil, es una&hellip;<\/p>\n","protected":false},"author":1,"featured_media":0,"parent":0,"menu_order":0,"comment_status":"closed","ping_status":"closed","template":"","meta":[],"class_list":["post-1281","page","type-page","status-publish","hentry","description-off"],"_links":{"self":[{"href":"https:\/\/mm-br.com\/es\/wp-json\/wp\/v2\/pages\/1281","targetHints":{"allow":["GET"]}}],"collection":[{"href":"https:\/\/mm-br.com\/es\/wp-json\/wp\/v2\/pages"}],"about":[{"href":"https:\/\/mm-br.com\/es\/wp-json\/wp\/v2\/types\/page"}],"author":[{"embeddable":true,"href":"https:\/\/mm-br.com\/es\/wp-json\/wp\/v2\/users\/1"}],"replies":[{"embeddable":true,"href":"https:\/\/mm-br.com\/es\/wp-json\/wp\/v2\/comments?post=1281"}],"version-history":[{"count":8,"href":"https:\/\/mm-br.com\/es\/wp-json\/wp\/v2\/pages\/1281\/revisions"}],"predecessor-version":[{"id":1394,"href":"https:\/\/mm-br.com\/es\/wp-json\/wp\/v2\/pages\/1281\/revisions\/1394"}],"wp:attachment":[{"href":"https:\/\/mm-br.com\/es\/wp-json\/wp\/v2\/media?parent=1281"}],"curies":[{"name":"wp","href":"https:\/\/api.w.org\/{rel}","templated":true}]}}