{"id":1258,"date":"2021-05-10T16:23:19","date_gmt":"2021-05-10T19:23:19","guid":{"rendered":"http:\/\/mm-br.com\/es\/?page_id=1258"},"modified":"2022-07-11T18:04:34","modified_gmt":"2022-07-11T21:04:34","slug":"politica-de-privacidad","status":"publish","type":"page","link":"https:\/\/mm-br.com\/es\/politica-de-privacidad\/","title":{"rendered":"Pol\u00edtica de Privacidad"},"content":{"rendered":"<p>[vc_row full_width=&#8221;stretch_row&#8221; bg_type=&#8221;image&#8221; bg_override=&#8221;full&#8221; enable_overlay=&#8221;enable_overlay_value&#8221; overlay_color=&#8221;rgba(0,0,0,0.6)&#8221; css=&#8221;.vc_custom_1627920749277{padding-top: 150px !important;padding-bottom: 150px !important;background-image: url(http:\/\/mm-br.com\/es\/wp-content\/uploads\/2021\/05\/exhibitions-worldwide_slider_image_1920.jpg?id=1236) !important;}&#8221;][vc_column][vc_row_inner][vc_column_inner]<div id=\"ultimate-heading-658669f07e029ca44\" class=\"uvc-heading ult-adjust-bottom-margin ultimate-heading-658669f07e029ca44 uvc-6564 \" data-hspacer=\"no_spacer\"  data-halign=\"left\" style=\"text-align:left\"><div class=\"uvc-heading-spacer no_spacer\" style=\"top\"><\/div><div class=\"uvc-main-heading ult-responsive\"  data-ultimate-target='.uvc-heading.ultimate-heading-658669f07e029ca44 h1'  data-responsive-json-new='{\"font-size\":\"desktop:42px;\",\"line-height\":\"\"}' ><h1 style=\"--font-weight:theme;color:#ffffff;\">Pol\u00edtica de Privacidad<\/h1><\/div><\/div>[\/vc_column_inner][\/vc_row_inner][\/vc_column][\/vc_row][vc_row equal_height=&#8221;yes&#8221; bg_type=&#8221;bg_color&#8221; bg_override=&#8221;full&#8221; type=&#8221;vc_default&#8221; css=&#8221;.vc_custom_1620673378408{padding-top: 20px !important;padding-right: 25px !important;padding-bottom: 80px !important;padding-left: 25px !important;}&#8221; el_class=&#8221;custom_services&#8221; bg_color_value=&#8221;rgba(0,0,0,0.04)&#8221; el_id=&#8221;eventos-br&#8221;][vc_column css=&#8221;.vc_custom_1467547193109{padding-right: 0px !important;padding-bottom: 5px !important;padding-left: 0px !important;}&#8221;][vc_column_text]<span style=\"color: #6a91ce;\"><strong>INFORMACI\u00d3N GENERAL Y DEFINICIONES<\/strong><\/span><\/p>\n<p>MESSE MUENCHEN DO BRASIL valora la privacidad de sus usuarios y cre\u00f3 esta Pol\u00edtica de Privacidad para demostrar su compromiso en proteger a su privacidad y sus datos personales, en los t\u00e9rminos da Ley General de Protecci\u00f3n de Datos y dem\u00e1s leyes sobre o tema, as\u00ed como describir de qu\u00e9 manera su privacidad es protegida por MESSE MUENCHEN DO BRASIL al recoger, tratar y almacenar su informaci\u00f3n personal.<\/p>\n<ol>\n<li><strong>Definiciones<\/strong><br \/>\n<strong>Usuario:<\/strong> Todas las personas f\u00edsicas que utilizar\u00e1n o visitar\u00e1n el(los) Sitio(s) y\/o Aplicaci\u00f3n(es), mayores de 18 (dieciocho a\u00f1os o emancipadas y totalmente capaces de practicar los actos de la vida civil o los absolutamente o relativamente incapaces debidamente representados o asistidos.<br \/>\n<strong>Datos Personales:<\/strong> Significa cualquier informaci\u00f3n proporcionada y\/o recogida por MESSE MUENCHEN DO BRASIL, por cualquier medio, aunque sea p\u00fablico, que: (I) identifiquen, o que, cuando usada en combinaci\u00f3n con otras informaciones tratadas por MESSE MUENCHEN DO BRASIL identifiquen a un individuo; o (II) por medio de la que la identificaci\u00f3n\u00a0 o informaci\u00f3n de contacto de una persona f\u00edsica puedan derivarse. Los Datos Personales pueden estar en cualquier medio o formato, incluso registros electr\u00f3nicos o computerizados, as\u00ed como en archivos basados en papel. Los Datos Personales, sin embargo, no incluyen tel\u00e9fono comercial, n\u00famero de celular comercial, direcci\u00f3n comercial, e-mail comercial.<br \/>\n<strong>Finalidad:<\/strong> El objetivo, el prop\u00f3sito que desea alcanzar MESSE MUENCHEN DO BRASIL a partir de cada acto de tratamiento de la a partir de cada acto de tratamiento de la informaci\u00f3n personal.<br \/>\n<strong>Necesidad:<\/strong> Justificativa por la que es estrictamente necesario recoger personales, para alcanzar la finalidad, evit\u00e1ndose la recolecci\u00f3n excesiva.<br \/>\n<strong>Bases legales:<\/strong> Fundamentaci\u00f3n legal que hace leg\u00edtimo o tratamiento de datos personales para una determinada finalidad previa por parte de MESSE MUENCHEN DO BRASIL.<br \/>\n<strong>Consentimiento:<\/strong> Autorizada expresa e inequ\u00edvoca prestada por el Usuario titular del dato personal para que MESSE MUENCHEN DO BRASIL trate sus datos personales para una finalidad previamente descrita, en la que la base legal necesaria para el acto demande la autorizaci\u00f3n expresa del titular.Esta pol\u00edtica se aplica, en general, a todos los Usuarios y potenciales Usuarios de los servicios ofrecidos por MESSE MUENCHEN DO BRASIL, incluyendo a Usuarios de los sitios u otros medios operados por MESSE MUENCHEN DO BRASIL y resume c\u00f3mo podr\u00e1 MESSE MUENCHEN DO BRASIL recoger, producir, recibir, clasificar, utilizar, acceder, reproducir, transmitir, distribuir, procesar, archivar, almacenar, eliminar, evaluar o controlar a informaci\u00f3n, modificar, comunicar, transferir, difundir o extraer los datos recogidos, incluyendo la informaci\u00f3n de identificaci\u00f3n personal, de acuerdo con las bases legales aplicables y todas las leyes de privacidad y protecci\u00f3n de datos en vigor.Al acceder y\/o utilizar el sitio web de nuestros eventos, el Usuario declara tener, como m\u00ednimo, 18 (dieciocho) a\u00f1os cumplidos y tener capacidad plena y expresa para la aceptaci\u00f3n de los t\u00e9rminos y condiciones de esta Pol\u00edtica de Privacidad y del T\u00e9rmino de Consentimiento para todos los fines de derecho.En el caso de que el Usuario no se encuadre en la descripci\u00f3n precedente, y\/o no concuerde, aun en parte, con los t\u00e9rminos y condiciones contenidos en esta Pol\u00edtica de Privacidad, no deber\u00e1 acceder y\/o utilizar los servicios ofrecidos por MESSE MUENCHEN DO BRASIL, as\u00ed como los sitios web y servicios operados por la misma.<\/li>\n<li><strong>RECOGIDA Y USOS DE INFORMACI\u00d3N PERSONAL<\/strong><br \/>\nEl Usuario est\u00e1 enterado de que proporciona informaci\u00f3n en forma consciente y voluntaria por medio de [FORMULARIO\/ETC.], o por medio de los sitios operados por MESSE MUENCHEN DO BRASIL.<br \/>\nCuando el Usuario realiza el registro y\/o completa formularios ofrecidos por MESSE MUENCHEN DO BRASIL, incluso en los sitios web que opera la misma, determinados Datos Personales solicitados se mantendr\u00e1n en secreto y se utilizar\u00e1n \u00fanicamente para el prop\u00f3sito que dio lugar al registro, conforme a la Tabla de Finalidades.<\/li>\n<li><strong>COMPARTICI\u00d3N Y TRATAMIENTO DE INFORMACI\u00d3N PERSONAL<\/strong><br \/>\nMESSE MUENCHEN DO BRASIL podr\u00e1 divulgar los Datos Personales recogidos para terceros, en las siguientes situaciones y dentro de los l\u00edmites exigidos y autorizados por la Ley:<\/p>\n<ol>\n<li>Con sus clientes y aliados cuando sea necesario y\/o apropiado para la prestaci\u00f3n de servicios relacionados;<\/li>\n<li>Con las empresas y individuos contratados para la ejecuci\u00f3n de determinadas actividades y servicios en nombre de MESSE MUENCHEN DO BRASIL;<\/li>\n<li>Con empresas del grupo y su matriz en Alemania;<\/li>\n<li>Con proveedores y aliados, para consecuci\u00f3n de los servicios contratados con MESSE MUENCHEN DO BRASIL (como tecnolog\u00eda de la informaci\u00f3n, contabilidad, entre otros);<\/li>\n<li>Para prop\u00f3sitos administrativos como: investigaci\u00f3n, planificaci\u00f3n, desarrollo de servicios, seguridad y gesti\u00f3n de riesgo.<\/li>\n<li>Cuando sea necesario en virtud de obligaci\u00f3n legal, determinaci\u00f3n de autoridad competente, o decisi\u00f3n judicial.<\/li>\n<\/ol>\n<p>En las hip\u00f3tesis de compartici\u00f3n de Datos Personales con terceros, todos los sujetos mencionados en los apartados 1 a 6 deber\u00e1n utilizar los Datos Personales compartidos de manera consistente y de acuerdo con los prop\u00f3sitos para los que fueron recogidos (con los que consinti\u00f3 previamente el Usuario) y de acuerdo con lo que fue determinado por esta Pol\u00edtica de Privacidad, otras declaraciones de privacidad de sitio web o pa\u00edses, y todas las leyes de privacidad y protecci\u00f3n de datos de aplicaci\u00f3n.<\/li>\n<li><strong>MOTIVOS LEGALES PARA LA DIVULGACI\u00d3N DE SUS DATOS<\/strong><br \/>\nEn ciertas circunstancias, MESSE MUENCHEN DO BRASIL podr\u00e1 divulgar Datos Personales, en la medida necesaria o apropiada, para organismos gubernamentales, consultores y otros terceros con el prop\u00f3sito de cumplir la legislaci\u00f3n aplicable o una orden o intimaci\u00f3n judicial o, a\u00fan, si MESSE MUENCHEN DO BRASIL cree de buena fe que dicha acci\u00f3n sea necesaria para:<\/p>\n<ol>\n<li>Cumplir una legislaci\u00f3n que exija tal divulgaci\u00f3n;<\/li>\n<li>Investigar, impedir o tomar medidas relacionadas a actividades ilegales sospechosas o reales o para cooperar con organismos p\u00fablicos o para proteger la seguridad nacional;<\/li>\n<li>Ejecuci\u00f3n de sus contratos;<\/li>\n<li>Investigar y defenderse contra cualesquiera reivindicaciones o alegaciones de terceros;<\/li>\n<li>Proteger la seguridad o la integridad de los servicios (por ejemplo, la compartici\u00f3n con empresas que est\u00e9n sufriendo amenazas similares);<\/li>\n<li>Ejercitar o proteger los derechos, la propiedad y la seguridad de MESSE MUENCHEN DO BRASIL;<\/li>\n<li>Proteger los derechos y la seguridad personal de sus empleados, usuarios o del p\u00fablico;<\/li>\n<li>En caso de venta, compra, fusi\u00f3n, reorganizaci\u00f3n, liquidaci\u00f3n o disoluci\u00f3n de MESSE MUENCHEN DO BRASIL.<\/li>\n<\/ol>\n<p>MESSE MUENCHEN DO BRASIL les informar\u00e1 a los respectivos Usuarios sobre eventuales demandas legales que resulten en la divulgaci\u00f3n de informaci\u00f3n personal, en los t\u00e9rminos de lo expuesto en el apartado 4, a menos que tal notificaci\u00f3n sea prohibida por ley o prohibida por mandado judicial o, a\u00fan, si el requerimiento sea de emergencia. MESSE MUENCHEN DO BRASIL podr\u00e1 contestar a esas demandas si estima que las solicitudes son excesivas, indefinidas o hechas por autoridades incompetentes.<\/li>\n<li><strong>SEGURIDAD DE LA INFORMACI\u00d3N PERSONAL<\/strong><br \/>\nTodas los Datos Personales ser\u00e1n guardados en la base de datos de MESSE MUENCHEN DO BRASIL o en base de datos mantenidas \u201cen la nube\u201d por los proveedores de servicios contratados por MESSE MUENCHEN DO BRASIL, los que est\u00e1n debidamente de acuerdo con la legislaci\u00f3n de datos vigente.<br \/>\nMESSE MUENCHEN DO BRASIL y sus proveedores utilizan varios procedimientos de seguridad para proteger la confidencialidad, la seguridad y la integridad de sus Datos Personales, previniendo la ocurrencia de eventuales da\u00f1os en virtud del tratamiento de esos datos.<br \/>\nAunque MESSE MUENCHEN DO BRASIL utilice medidas de seguridad y monitoree su sistema para verificar vulnerabilidades y ataques para proteger sus Datos Personales contra divulgaci\u00f3n no autorizada, mal uso o alteraci\u00f3n, el Usuario entiende y concuerda en que no hay garant\u00edas de que la informaci\u00f3n no podr\u00e1 sufrir acceso, ser divulgada, alterada o destruida por violaci\u00f3n de cualquiera de las protecciones f\u00edsicas, t\u00e9cnicas o administrativas.<\/li>\n<li><strong>RETENCI\u00d3N DE DATOS<\/strong><br \/>\nMESSE MUENCHEN DO BRASIL retiene todos los datos proporcionados, incluso los Datos Personales, mientras est\u00e9 activo el registro del Usuario y seg\u00fan sea necesario para la consecuci\u00f3n de sus servicios.MESSE MUENCHEN DO BRASIL retendr\u00e1 sus Datos Personales y mantendr\u00e1 sus datos almacenados hasta eventual requerimiento de exclusi\u00f3n, o de acuerdo con los periodos descritos en la Tabla de Finalidades.MESSE MUENCHEN DO BRASIL podr\u00e1 llegar a mantener sus Datos Personales tras recibir su solicitud de exclusi\u00f3n o tras los plazos de la Tabla de Finalidades en el caso de que sea necesario para cumplimiento de obligaciones legales, resolver disputas, mantener la seguridad, evitar fraudes y abuso y asegurar el cumplimiento contratos.<\/li>\n<li><strong>BASES LEGALES PARA PROCESAMIENTO<br \/>\n<\/strong>MESSE MUENCHEN DO BRASIL solo trata Datos Personales en situaciones en que est\u00e1 autorizada legalmente o mediante el expreso e inequ\u00edvoco consentimiento del Usuario.Conforme a lo descrito en la presente Pol\u00edtica, MESSE MUENCHEN DO BRASIL tiene bases legales para recoger, producir, recibir, clasificar, utilizar, acceder, reproducir, transmitir, distribuir, procesar, archivar, almacenar, eliminar, evaluar o controlar a informaci\u00f3n, modificar, comunicar, transferir, difundir o extraer datos sobre el Usuario.Las bases legales incluyen su consentimiento (prestado de manera expresa e inequ\u00edvoca en el T\u00e9rmino de Consentimiento), contratos y procedimientos preliminares contractuales (en los que el procesamiento es necesario para firmar el contrato con el Usuario) e intereses leg\u00edtimos, siempre y cuando dicho procesamiento no viole sus derechos y libertades.Dichos intereses incluyen proteger al Usuario y MESSE MUENCHEN DO BRASIL contra amenazas, cumplir la legislaci\u00f3n aplicable, el ejercicio regular de derechos en proceso judicial, administrativo o arbitral, habilitar la realizaci\u00f3n o administraci\u00f3n de los negocios, incluyendo control de calidad, informes y servicios ofrecidos, gestionar transacciones empresariales, entender y mejorar los negocios y las relaciones con los clientes y permitir que los usuarios encuentren oportunidades econ\u00f3micas.El Usuario tiene el derecho de negar o retirar en consentimiento proporcionado a MESSE MUENCHEN DO BRASIL, cuando \u00e9sta sea la base legal para tratamiento de los datos personales, pudiendo MESSE MUENCHEN DO BRASIL encerrar la consecuci\u00f3n de sus servicios para este usuario en la hip\u00f3tesis de que ocurra tal solicitud.En el caso de que tenga dudas sobre las bases legales para recogida, tratamiento y almacenamiento de sus datos personales, p\u00f3ngase en contacto con MESSE MUENCHEN DO BRASIL y su Data Protection Officer a trav\u00e9s del e-mail <a href=\"mailto:dpo@mm-br.com\">dpo@mm-br.com<\/a>.<\/li>\n<li><strong>DERECHO DE ACCEDER Y CONTROLAR SUS DATOS PERSONALES<br \/>\n<\/strong>MESSE MUENCHEN DO BRASIL le ofrece al Usuario diversas opciones de qu\u00e9 hacer con sus Datos Personales recogidos, tratados y almacenados, incluyendo su exclusi\u00f3n y\/o correcci\u00f3n. El Usuario puede:<\/p>\n<ol>\n<li>Excluir datos: el Usuario puede solicitar la exclusi\u00f3n de algunos de los sus Datos Personales (por ejemplo, si ellos no son m\u00e1s necesarios para prestarle los servicios).<\/li>\n<li>Alterar o corregir datos: el Usuario puede editar o solicitar la edici\u00f3n de algunos de sus Datos Personales. El Usuario tambi\u00e9n puede solicitar actualizaciones, modificaciones o correcciones de sus datos en determinados casos, principalmente si ellos est\u00e1n incorrectos.<\/li>\n<li>Presentar objeciones, l\u00edmites o restricciones al uso de datos: el Usuario puede solicitar la interrupci\u00f3n del uso de todos o algunos de sus Datos Personales (por ejemplo, si no tenemos el derecho de seguir us\u00e1ndolos), o limitar nuestra utilizaci\u00f3n de dichos datos (por ejemplo, si sus Datos Personales est\u00e1n incorrectos o ilegalmente almacenados), resalt\u00e1ndose que MESSE MUENCHEN DO BRASIL podr\u00e1 tratar los Datos Personales de acuerdo con las bases legales listadas.<\/li>\n<li>El Usuario tiene el derecho de acceder o llevar sus datos: el Usuario puede solicitar una copia de sus Datos Personales y de los datos que el Usuario haya proporcionado en un formato legible bajo la forma impresa o por medio electr\u00f3nico.<\/li>\n<\/ol>\n<p>El Usuario puede hacer las solicitudes relacionadas arriba entrando en contacto con nuestro Data Protection Officer a trav\u00e9s del e-mail <a href=\"mailto:dpo@mm-br.com\">dpo@mm-br.com<\/a> y estas solicitudes ser\u00e1n consideradas de acuerdo con las leyes aplicables.<\/li>\n<li><strong>REVISIONES A LA POL\u00cdTICA<br \/>\n<\/strong>En el caso de que MESSE MUENCHEN DO BRASIL modifique esta Pol\u00edtica de Privacidad, dichas modificaciones ser\u00e1n publicadas de forma visible en el sitio de MESSE MUENCHEN DO BRASIL y sus eventos. Si el Usuario tiene cualquier duda sobre las pol\u00edticas de privacidad del sitio web, por favor, entre en contacto con MESSE MUENCHEN DO BRASIL, a trav\u00e9s de las direcciones a continuaci\u00f3n\/canal de atenci\u00f3n del Data Protection Officer.<\/li>\n<li><strong>CONTACTO<br \/>\n<\/strong>MESSE MUENCHEN DO BRASIL nombr\u00f3 a su Coordenadora de Marketing Aline Mascaro como Data Protection Officer (\u201cDPO\u201d). El Usuario puede ponerse en contacto con el DPO en la siguiente direcci\u00f3n f\u00edsica o a trav\u00e9s del e-mail <a href=\"mailto:dpo@mm-br.com\">dpo@mm-br.com<\/a>.<\/li>\n<\/ol>\n<p>[\/vc_column_text][\/vc_column][\/vc_row]<\/p>\n","protected":false},"excerpt":{"rendered":"<p>[vc_row full_width=&#8221;stretch_row&#8221; bg_type=&#8221;image&#8221; bg_override=&#8221;full&#8221; enable_overlay=&#8221;enable_overlay_value&#8221; overlay_color=&#8221;rgba(0,0,0,0.6)&#8221; css=&#8221;.vc_custom_1627920749277{padding-top: 150px !important;padding-bottom: 150px !important;background-image: url(http:\/\/mm-br.com\/es\/wp-content\/uploads\/2021\/05\/exhibitions-worldwide_slider_image_1920.jpg?id=1236) !important;}&#8221;][vc_column][vc_row_inner][vc_column_inner][\/vc_column_inner][\/vc_row_inner][\/vc_column][\/vc_row][vc_row equal_height=&#8221;yes&#8221; bg_type=&#8221;bg_color&#8221; bg_override=&#8221;full&#8221; type=&#8221;vc_default&#8221; css=&#8221;.vc_custom_1620673378408{padding-top: 20px !important;padding-right: 25px !important;padding-bottom: 80px !important;padding-left: 25px !important;}&#8221; el_class=&#8221;custom_services&#8221; bg_color_value=&#8221;rgba(0,0,0,0.04)&#8221; el_id=&#8221;eventos-br&#8221;][vc_column css=&#8221;.vc_custom_1467547193109{padding-right: 0px !important;padding-bottom: 5px !important;padding-left: 0px !important;}&#8221;][vc_column_text]INFORMACI\u00d3N GENERAL Y DEFINICIONES MESSE MUENCHEN DO BRASIL valora la privacidad de sus usuarios y cre\u00f3 esta Pol\u00edtica de Privacidad&hellip;<\/p>\n","protected":false},"author":1,"featured_media":0,"parent":0,"menu_order":0,"comment_status":"closed","ping_status":"closed","template":"","meta":[],"class_list":["post-1258","page","type-page","status-publish","hentry","description-off"],"_links":{"self":[{"href":"https:\/\/mm-br.com\/es\/wp-json\/wp\/v2\/pages\/1258","targetHints":{"allow":["GET"]}}],"collection":[{"href":"https:\/\/mm-br.com\/es\/wp-json\/wp\/v2\/pages"}],"about":[{"href":"https:\/\/mm-br.com\/es\/wp-json\/wp\/v2\/types\/page"}],"author":[{"embeddable":true,"href":"https:\/\/mm-br.com\/es\/wp-json\/wp\/v2\/users\/1"}],"replies":[{"embeddable":true,"href":"https:\/\/mm-br.com\/es\/wp-json\/wp\/v2\/comments?post=1258"}],"version-history":[{"count":10,"href":"https:\/\/mm-br.com\/es\/wp-json\/wp\/v2\/pages\/1258\/revisions"}],"predecessor-version":[{"id":1492,"href":"https:\/\/mm-br.com\/es\/wp-json\/wp\/v2\/pages\/1258\/revisions\/1492"}],"wp:attachment":[{"href":"https:\/\/mm-br.com\/es\/wp-json\/wp\/v2\/media?parent=1258"}],"curies":[{"name":"wp","href":"https:\/\/api.w.org\/{rel}","templated":true}]}}